{"id":586,"date":"2023-01-28T16:51:48","date_gmt":"2023-01-28T16:51:48","guid":{"rendered":"https:\/\/www.rinkusukankarate.fi\/?page_id=586"},"modified":"2024-08-10T07:33:11","modified_gmt":"2024-08-10T07:33:11","slug":"seuratuotteet","status":"publish","type":"page","link":"https:\/\/www.rinkusukankarate.fi\/index.php\/seuratuotteet\/","title":{"rendered":"Seuratuotteet"},"content":{"rendered":"\t\t<div data-elementor-type=\"wp-page\" data-elementor-id=\"586\" class=\"elementor elementor-586\">\n\t\t\t\t\t\t<section class=\"elementor-section elementor-top-section elementor-element elementor-element-3fc7292b elementor-section-boxed elementor-section-height-default elementor-section-height-default\" data-id=\"3fc7292b\" data-element_type=\"section\" data-e-type=\"section\">\n\t\t\t\t\t\t<div class=\"elementor-container elementor-column-gap-default\">\n\t\t\t\t\t<div class=\"elementor-column elementor-col-100 elementor-top-column elementor-element elementor-element-694b87\" data-id=\"694b87\" data-element_type=\"column\" data-e-type=\"column\">\n\t\t\t<div class=\"elementor-widget-wrap elementor-element-populated\">\n\t\t\t\t\t\t<div class=\"elementor-element elementor-element-3a3c1379 elementor-widget elementor-widget-text-editor\" data-id=\"3a3c1379\" data-element_type=\"widget\" data-e-type=\"widget\" data-widget_type=\"text-editor.default\">\n\t\t\t\t<div class=\"elementor-widget-container\">\n\t\t\t\t\t\t\t\t\t\n<p>Varustekauppa on toteutettu yhteisty\u00f6ss\u00e4 Budoland Finlandin kanssa, joka vastaa toimituksista sek\u00e4 mahdollisien reklamaatioiden hoidosta. Kaikissa kysymyksiss\u00e4 otathan yhteytt\u00e4 Budoland Finlandin <span style=\"color: #ff0000;\"><strong><a href=\"https:\/\/budoland.fi\/pages\/ota-yhteytta\" target=\"_blank\" title=\"asiakaspalvelu\" rel=\"noopener noreferrer\" style=\"color: #ff0000;\">asiakaspalveluun<\/a><\/strong><\/span>.<\/p>\n<p> <\/p>\n<div id='collection-component-1663155914850'><\/div>\n<script type=\"text\/javascript\">\n\/*<![CDATA[*\/\n(function () {\n  var scriptURL = 'https:\/\/sdks.shopifycdn.com\/buy-button\/latest\/buy-button-storefront.min.js';\n  if (window.ShopifyBuy) {\n    if (window.ShopifyBuy.UI) {\n      ShopifyBuyInit();\n    } else {\n      loadScript();\n    }\n  } else {\n    loadScript();\n  }\n  function loadScript() {\n    var script = document.createElement('script');\n    script.async = true;\n    script.src = scriptURL;\n    (document.getElementsByTagName('head')[0] || document.getElementsByTagName('body')[0]).appendChild(script);\n    script.onload = ShopifyBuyInit;\n  }\n  function ShopifyBuyInit() {\n    var client = ShopifyBuy.buildClient({\n      domain: 'budolandfi.myshopify.com',\n      storefrontAccessToken: '3e04d2eb8bb55ebd1cfcdcd82cdb055c',\n    });\nvar attributeKey = \"Varustekauppa\";\nvar attributeValue = window.location.hostname;\nvar shopifyDomain = \"budolandfi.myshopify.com\";\ntry {\n  for (var checkoutId, key, i = 0; i < localStorage.length; ++i) {\n    key = localStorage.key(i);\n    if (key.match(shopifyDomain + '.checkoutId')) {\n    checkoutId = localStorage.getItem(key);\n  }\n}\n  client.checkout.fetch(checkoutId).then((checkout) => {\n    var obj = {};\n    obj.key = attributeKey;\n    obj.value = attributeValue;\n    var input = {\n      customAttributes: [obj]\n    };\n    client.checkout.updateAttributes(checkoutId, input).then((checkout) => {});\n  });\n}\ncatch (err) {\nconsole.log('checkout not updated');\n} \n    ShopifyBuy.UI.onReady(client).then(function (ui) {\n      ui.createComponent('collection', {\n        id: '270445903914',\n        node: document.getElementById('collection-component-1663155914850'),\n        moneyFormat: '%7B%7Bamount_with_comma_separator%7D%7D%20%E2%82%AC',\n        options: {\n  \"product\": {\n    \"styles\": {\n      \"product\": {\n        \"@media (min-width: 601px)\": {\n          \"max-width\": \"calc(25% - 20px)\",\n          \"margin-left\": \"20px\",\n          \"margin-bottom\": \"50px\",\n          \"width\": \"calc(25% - 20px)\"\n        },\n        \"img\": {\n          \"height\": \"calc(100% - 15px)\",\n          \"position\": \"absolute\",\n          \"left\": \"0\",\n          \"right\": \"0\",\n          \"top\": \"0\"\n        },\n        \"imgWrapper\": {\n          \"padding-top\": \"calc(75% + 15px)\",\n          \"position\": \"relative\",\n          \"height\": \"0\"\n        }\n      },\n      \"title\": {\n        \"color\": \"#000000\"\n      },\n      \"button\": {\n        \"font-weight\": \"bold\",\n        \"font-size\": \"18px\",\n        \"padding-top\": \"17px\",\n        \"padding-bottom\": \"17px\",\n        \":hover\": {\n          \"background-color\": \"#cd082d\"\n        },\n        \"background-color\": \"#e40932\",\n        \":focus\": {\n          \"background-color\": \"#cd082d\"\n        },\n        \"border-radius\": \"5px\",\n        \"padding-left\": \"45px\",\n        \"padding-right\": \"45px\"\n      },\n      \"quantityInput\": {\n        \"font-size\": \"18px\",\n        \"padding-top\": \"17px\",\n        \"padding-bottom\": \"17px\"\n      },\n      \"price\": {\n        \"color\": \"#000000\"\n      },\n      \"compareAt\": {\n        \"color\": \"#000000\"\n      },\n      \"unitPrice\": {\n        \"color\": \"#000000\"\n      },\n      \"description\": {\n        \"color\": \"#000000\"\n      }\n    },\n    \"buttonDestination\": \"modal\",\n    \"contents\": {\n      \"options\": false\n    },\n    \"text\": {\n      \"button\": \"Tuotetiedot\"\n    }\n  },\n  \"productSet\": {\n    \"styles\": {\n      \"products\": {\n        \"@media (min-width: 601px)\": {\n          \"margin-left\": \"-20px\"\n        }\n      }\n    }\n  },\n  \"modalProduct\": {\n    \"contents\": {\n      \"img\": false,\n      \"imgWithCarousel\": true,\n      \"button\": false,\n      \"buttonWithQuantity\": true\n    },\n    \"styles\": {\n      \"product\": {\n        \"@media (min-width: 601px)\": {\n          \"max-width\": \"100%\",\n          \"margin-left\": \"0px\",\n          \"margin-bottom\": \"0px\"\n        }\n      },\n      \"button\": {\n        \"font-weight\": \"bold\",\n        \"font-size\": \"18px\",\n        \"padding-top\": \"17px\",\n        \"padding-bottom\": \"17px\",\n        \":hover\": {\n          \"background-color\": \"#cd082d\"\n        },\n        \"background-color\": \"#e40932\",\n        \":focus\": {\n          \"background-color\": \"#cd082d\"\n        },\n        \"border-radius\": \"5px\",\n        \"padding-left\": \"45px\",\n        \"padding-right\": \"45px\"\n      },\n      \"quantityInput\": {\n        \"font-size\": \"18px\",\n        \"padding-top\": \"17px\",\n        \"padding-bottom\": \"17px\"\n      },\n      \"title\": {\n        \"font-family\": \"Helvetica Neue, sans-serif\",\n        \"font-weight\": \"bold\",\n        \"font-size\": \"26px\",\n        \"color\": \"#000000\"\n      },\n      \"price\": {\n        \"font-family\": \"Helvetica Neue, sans-serif\",\n        \"font-weight\": \"normal\",\n        \"font-size\": \"18px\",\n        \"color\": \"#000000\"\n      },\n      \"compareAt\": {\n        \"font-family\": \"Helvetica Neue, sans-serif\",\n        \"font-weight\": \"normal\",\n        \"font-size\": \"15.299999999999999px\",\n        \"color\": \"#000000\"\n      },\n      \"unitPrice\": {\n        \"font-family\": \"Helvetica Neue, sans-serif\",\n        \"font-weight\": \"normal\",\n        \"font-size\": \"15.299999999999999px\",\n        \"color\": \"#000000\"\n      },\n      \"description\": {\n        \"font-family\": \"Helvetica Neue, sans-serif\",\n        \"font-weight\": \"normal\",\n        \"font-size\": \"14px\",\n        \"color\": \"#000000\"\n      }\n    },\n    \"text\": {\n      \"button\": \"Ostoskoriin\"\n    }\n  },\n  \"option\": {\n    \"styles\": {\n      \"label\": {\n        \"color\": \"#000000\"\n      }\n    }\n  },\n  \"cart\": {\n    \"styles\": {\n      \"button\": {\n        \"font-weight\": \"bold\",\n        \"font-size\": \"18px\",\n        \"padding-top\": \"17px\",\n        \"padding-bottom\": \"17px\",\n        \":hover\": {\n          \"background-color\": \"#cd082d\"\n        },\n        \"background-color\": \"#e40932\",\n        \":focus\": {\n          \"background-color\": \"#cd082d\"\n        },\n        \"border-radius\": \"5px\"\n      },\n      \"title\": {\n        \"color\": \"#000000\"\n      },\n      \"header\": {\n        \"color\": \"#000000\"\n      },\n      \"lineItems\": {\n        \"color\": \"#000000\"\n      },\n      \"subtotalText\": {\n        \"color\": \"#000000\"\n      },\n      \"subtotal\": {\n        \"color\": \"#000000\"\n      },\n      \"notice\": {\n        \"color\": \"#000000\"\n      },\n      \"currency\": {\n        \"color\": \"#000000\"\n      },\n      \"close\": {\n        \"color\": \"#000000\",\n        \":hover\": {\n          \"color\": \"#000000\"\n        }\n      },\n      \"empty\": {\n        \"color\": \"#000000\"\n      },\n      \"noteDescription\": {\n        \"color\": \"#000000\"\n      },\n      \"discountText\": {\n        \"color\": \"#000000\"\n      },\n      \"discountIcon\": {\n        \"fill\": \"#000000\"\n      },\n      \"discountAmount\": {\n        \"color\": \"#000000\"\n      }\n    },\n    \"text\": {\n      \"title\": \"Ostoskori\",\n      \"total\": \"Summa yhteens\u00e4\",\n      \"empty\": \"Ostoskorisi on tyhj\u00e4\",\n      \"notice\": \"Toimitus ja alennuskoodit sy\u00f6tet\u00e4\u00e4n kassalla\",\n      \"button\": \"Kassalle\"\n    }\n  },\n  \"toggle\": {\n    \"styles\": {\n      \"toggle\": {\n        \"font-weight\": \"bold\",\n        \"background-color\": \"#e40932\",\n        \":hover\": {\n          \"background-color\": \"#cd082d\"\n        },\n        \":focus\": {\n          \"background-color\": \"#cd082d\"\n        }\n      },\n      \"count\": {\n        \"font-size\": \"18px\"\n      }\n    }\n  },\n  \"lineItem\": {\n    \"styles\": {\n      \"variantTitle\": {\n        \"color\": \"#000000\"\n      },\n      \"title\": {\n        \"color\": \"#000000\"\n      },\n      \"price\": {\n        \"color\": \"#000000\"\n      },\n      \"fullPrice\": {\n        \"color\": \"#000000\"\n      },\n      \"discount\": {\n        \"color\": \"#000000\"\n      },\n      \"discountIcon\": {\n        \"fill\": \"#000000\"\n      },\n      \"quantity\": {\n        \"color\": \"#000000\"\n      },\n      \"quantityIncrement\": {\n        \"color\": \"#000000\",\n        \"border-color\": \"#000000\"\n      },\n      \"quantityDecrement\": {\n        \"color\": \"#000000\",\n        \"border-color\": \"#000000\"\n      },\n      \"quantityInput\": {\n        \"color\": \"#000000\",\n        \"border-color\": \"#000000\"\n      }\n    }\n  }\n},\n      });\n    });\n  }\n})();\n\/*]]>*\/\n<\/script>\n<p>Seuraavista linkeist\u00e4 voit tutustua tarkemmin verkkokaupan tietosuojaan sek\u00e4 maksu-, toimitus- ja palveluehtoihin.<\/p>\n<p><a href=\"https:\/\/budoland.fi\/pages\/tietosuoja\" target=\"_blank\" rel=\"noopener noreferrer\"><span style=\"color: #ff0000;\">tietosuoja<\/span><\/a> <a href=\"https:\/\/budoland.fi\/pages\/maksuehdot\" target=\"_blank\" rel=\"noopener noreferrer\"><span style=\"color: #ff0000;\">maksuehdot<\/span><\/a> <span style=\"color: #ff0000;\"><a style=\"color: #ff0000;\" href=\"https:\/\/budoland.fi\/pages\/toimitusehdot\" target=\"_blank\" rel=\"noopener noreferrer\">toimitusehdot<\/a><\/span> <a href=\"https:\/\/budoland.fi\/pages\/palveluehdot\" target=\"_blank\" rel=\"noopener noreferrer\"><span style=\"color: #ff0000;\">palveluehdot<\/span><\/a><\/p> \n\n\t\t\t\t\t\t\t\t<\/div>\n\t\t\t\t<\/div>\n\t\t\t\t\t<\/div>\n\t\t<\/div>\n\t\t\t\t\t<\/div>\n\t\t<\/section>\n\t\t\t\t<\/div>\n\t\t","protected":false},"excerpt":{"rendered":"","protected":false},"author":1,"featured_media":0,"parent":0,"menu_order":0,"comment_status":"closed","ping_status":"closed","template":"","meta":{"footnotes":""},"class_list":["post-586","page","type-page","status-publish","hentry"],"yoast_head":"<!-- This site is optimized with the Yoast SEO plugin v27.4 - https:\/\/yoast.com\/product\/yoast-seo-wordpress\/ -->\n<title>Seuratuotteet - Rinkusukan karate Riihim&auml;ki<\/title>\n<meta name=\"robots\" content=\"index, follow, max-snippet:-1, max-image-preview:large, max-video-preview:-1\" \/>\n<link rel=\"canonical\" href=\"https:\/\/www.rinkusukankarate.fi\/index.php\/seuratuotteet\/\" \/>\n<meta property=\"og:locale\" content=\"fi_FI\" \/>\n<meta property=\"og:type\" content=\"article\" \/>\n<meta property=\"og:title\" content=\"Seuratuotteet - Rinkusukan karate Riihim&auml;ki\" \/>\n<meta property=\"og:url\" content=\"https:\/\/www.rinkusukankarate.fi\/index.php\/seuratuotteet\/\" \/>\n<meta property=\"og:site_name\" content=\"Rinkusukan karate Riihim&auml;ki\" \/>\n<meta property=\"article:modified_time\" content=\"2024-08-10T07:33:11+00:00\" \/>\n<meta name=\"twitter:card\" content=\"summary_large_image\" \/>\n<meta name=\"twitter:label1\" content=\"Arvioitu lukuaika\" \/>\n\t<meta name=\"twitter:data1\" content=\"1 minuutti\" \/>\n<script type=\"application\/ld+json\" class=\"yoast-schema-graph\">{\"@context\":\"https:\\\/\\\/schema.org\",\"@graph\":[{\"@type\":\"WebPage\",\"@id\":\"https:\\\/\\\/www.rinkusukankarate.fi\\\/index.php\\\/seuratuotteet\\\/\",\"url\":\"https:\\\/\\\/www.rinkusukankarate.fi\\\/index.php\\\/seuratuotteet\\\/\",\"name\":\"Seuratuotteet - Rinkusukan karate Riihim&auml;ki\",\"isPartOf\":{\"@id\":\"https:\\\/\\\/www.rinkusukankarate.fi\\\/#website\"},\"datePublished\":\"2023-01-28T16:51:48+00:00\",\"dateModified\":\"2024-08-10T07:33:11+00:00\",\"breadcrumb\":{\"@id\":\"https:\\\/\\\/www.rinkusukankarate.fi\\\/index.php\\\/seuratuotteet\\\/#breadcrumb\"},\"inLanguage\":\"fi\",\"potentialAction\":[{\"@type\":\"ReadAction\",\"target\":[\"https:\\\/\\\/www.rinkusukankarate.fi\\\/index.php\\\/seuratuotteet\\\/\"]}]},{\"@type\":\"BreadcrumbList\",\"@id\":\"https:\\\/\\\/www.rinkusukankarate.fi\\\/index.php\\\/seuratuotteet\\\/#breadcrumb\",\"itemListElement\":[{\"@type\":\"ListItem\",\"position\":1,\"name\":\"Etusivu\",\"item\":\"https:\\\/\\\/www.rinkusukankarate.fi\\\/\"},{\"@type\":\"ListItem\",\"position\":2,\"name\":\"Seuratuotteet\"}]},{\"@type\":\"WebSite\",\"@id\":\"https:\\\/\\\/www.rinkusukankarate.fi\\\/#website\",\"url\":\"https:\\\/\\\/www.rinkusukankarate.fi\\\/\",\"name\":\"Rinkusukan karate Riihim&auml;ki\",\"description\":\"Tervetuloa kaikki nuoret ja aikuiset!\",\"publisher\":{\"@id\":\"https:\\\/\\\/www.rinkusukankarate.fi\\\/#organization\"},\"potentialAction\":[{\"@type\":\"SearchAction\",\"target\":{\"@type\":\"EntryPoint\",\"urlTemplate\":\"https:\\\/\\\/www.rinkusukankarate.fi\\\/?s={search_term_string}\"},\"query-input\":{\"@type\":\"PropertyValueSpecification\",\"valueRequired\":true,\"valueName\":\"search_term_string\"}}],\"inLanguage\":\"fi\"},{\"@type\":\"Organization\",\"@id\":\"https:\\\/\\\/www.rinkusukankarate.fi\\\/#organization\",\"name\":\"Rinkusukan karate Riihim&auml;ki\",\"url\":\"https:\\\/\\\/www.rinkusukankarate.fi\\\/\",\"logo\":{\"@type\":\"ImageObject\",\"inLanguage\":\"fi\",\"@id\":\"https:\\\/\\\/www.rinkusukankarate.fi\\\/#\\\/schema\\\/logo\\\/image\\\/\",\"url\":\"https:\\\/\\\/www.rinkusukankarate.fi\\\/wp-content\\\/uploads\\\/2022\\\/12\\\/Rinkusukan-logo-scaled.jpg\",\"contentUrl\":\"https:\\\/\\\/www.rinkusukankarate.fi\\\/wp-content\\\/uploads\\\/2022\\\/12\\\/Rinkusukan-logo-scaled.jpg\",\"width\":2560,\"height\":939,\"caption\":\"Rinkusukan karate Riihim&auml;ki\"},\"image\":{\"@id\":\"https:\\\/\\\/www.rinkusukankarate.fi\\\/#\\\/schema\\\/logo\\\/image\\\/\"}}]}<\/script>\n<!-- \/ Yoast SEO plugin. -->","yoast_head_json":{"title":"Seuratuotteet - Rinkusukan karate Riihim&auml;ki","robots":{"index":"index","follow":"follow","max-snippet":"max-snippet:-1","max-image-preview":"max-image-preview:large","max-video-preview":"max-video-preview:-1"},"canonical":"https:\/\/www.rinkusukankarate.fi\/index.php\/seuratuotteet\/","og_locale":"fi_FI","og_type":"article","og_title":"Seuratuotteet - Rinkusukan karate Riihim&auml;ki","og_url":"https:\/\/www.rinkusukankarate.fi\/index.php\/seuratuotteet\/","og_site_name":"Rinkusukan karate Riihim&auml;ki","article_modified_time":"2024-08-10T07:33:11+00:00","twitter_card":"summary_large_image","twitter_misc":{"Arvioitu lukuaika":"1 minuutti"},"schema":{"@context":"https:\/\/schema.org","@graph":[{"@type":"WebPage","@id":"https:\/\/www.rinkusukankarate.fi\/index.php\/seuratuotteet\/","url":"https:\/\/www.rinkusukankarate.fi\/index.php\/seuratuotteet\/","name":"Seuratuotteet - Rinkusukan karate Riihim&auml;ki","isPartOf":{"@id":"https:\/\/www.rinkusukankarate.fi\/#website"},"datePublished":"2023-01-28T16:51:48+00:00","dateModified":"2024-08-10T07:33:11+00:00","breadcrumb":{"@id":"https:\/\/www.rinkusukankarate.fi\/index.php\/seuratuotteet\/#breadcrumb"},"inLanguage":"fi","potentialAction":[{"@type":"ReadAction","target":["https:\/\/www.rinkusukankarate.fi\/index.php\/seuratuotteet\/"]}]},{"@type":"BreadcrumbList","@id":"https:\/\/www.rinkusukankarate.fi\/index.php\/seuratuotteet\/#breadcrumb","itemListElement":[{"@type":"ListItem","position":1,"name":"Etusivu","item":"https:\/\/www.rinkusukankarate.fi\/"},{"@type":"ListItem","position":2,"name":"Seuratuotteet"}]},{"@type":"WebSite","@id":"https:\/\/www.rinkusukankarate.fi\/#website","url":"https:\/\/www.rinkusukankarate.fi\/","name":"Rinkusukan karate Riihim&auml;ki","description":"Tervetuloa kaikki nuoret ja aikuiset!","publisher":{"@id":"https:\/\/www.rinkusukankarate.fi\/#organization"},"potentialAction":[{"@type":"SearchAction","target":{"@type":"EntryPoint","urlTemplate":"https:\/\/www.rinkusukankarate.fi\/?s={search_term_string}"},"query-input":{"@type":"PropertyValueSpecification","valueRequired":true,"valueName":"search_term_string"}}],"inLanguage":"fi"},{"@type":"Organization","@id":"https:\/\/www.rinkusukankarate.fi\/#organization","name":"Rinkusukan karate Riihim&auml;ki","url":"https:\/\/www.rinkusukankarate.fi\/","logo":{"@type":"ImageObject","inLanguage":"fi","@id":"https:\/\/www.rinkusukankarate.fi\/#\/schema\/logo\/image\/","url":"https:\/\/www.rinkusukankarate.fi\/wp-content\/uploads\/2022\/12\/Rinkusukan-logo-scaled.jpg","contentUrl":"https:\/\/www.rinkusukankarate.fi\/wp-content\/uploads\/2022\/12\/Rinkusukan-logo-scaled.jpg","width":2560,"height":939,"caption":"Rinkusukan karate Riihim&auml;ki"},"image":{"@id":"https:\/\/www.rinkusukankarate.fi\/#\/schema\/logo\/image\/"}}]}},"_links":{"self":[{"href":"https:\/\/www.rinkusukankarate.fi\/index.php\/wp-json\/wp\/v2\/pages\/586","targetHints":{"allow":["GET"]}}],"collection":[{"href":"https:\/\/www.rinkusukankarate.fi\/index.php\/wp-json\/wp\/v2\/pages"}],"about":[{"href":"https:\/\/www.rinkusukankarate.fi\/index.php\/wp-json\/wp\/v2\/types\/page"}],"author":[{"embeddable":true,"href":"https:\/\/www.rinkusukankarate.fi\/index.php\/wp-json\/wp\/v2\/users\/1"}],"replies":[{"embeddable":true,"href":"https:\/\/www.rinkusukankarate.fi\/index.php\/wp-json\/wp\/v2\/comments?post=586"}],"version-history":[{"count":6,"href":"https:\/\/www.rinkusukankarate.fi\/index.php\/wp-json\/wp\/v2\/pages\/586\/revisions"}],"predecessor-version":[{"id":983,"href":"https:\/\/www.rinkusukankarate.fi\/index.php\/wp-json\/wp\/v2\/pages\/586\/revisions\/983"}],"wp:attachment":[{"href":"https:\/\/www.rinkusukankarate.fi\/index.php\/wp-json\/wp\/v2\/media?parent=586"}],"curies":[{"name":"wp","href":"https:\/\/api.w.org\/{rel}","templated":true}]}}