{"id":554,"date":"2023-01-27T13:36:46","date_gmt":"2023-01-27T13:36:46","guid":{"rendered":"https:\/\/www.rinkusukankarate.fi\/?page_id=554"},"modified":"2024-08-10T07:35:34","modified_gmt":"2024-08-10T07:35:34","slug":"puvut-ja-vyot","status":"publish","type":"page","link":"https:\/\/www.rinkusukankarate.fi\/index.php\/puvut-ja-vyot\/","title":{"rendered":"Puvut ja vy\u00f6t"},"content":{"rendered":"\t\t<div data-elementor-type=\"wp-page\" data-elementor-id=\"554\" class=\"elementor elementor-554\">\n\t\t\t\t\t\t<section class=\"elementor-section elementor-top-section elementor-element elementor-element-735eb958 elementor-section-boxed elementor-section-height-default elementor-section-height-default\" data-id=\"735eb958\" data-element_type=\"section\" data-e-type=\"section\">\n\t\t\t\t\t\t<div class=\"elementor-container elementor-column-gap-default\">\n\t\t\t\t\t<div class=\"elementor-column elementor-col-100 elementor-top-column elementor-element elementor-element-4cfa84ab\" data-id=\"4cfa84ab\" data-element_type=\"column\" data-e-type=\"column\">\n\t\t\t<div class=\"elementor-widget-wrap elementor-element-populated\">\n\t\t\t\t\t\t<div class=\"elementor-element elementor-element-65153c2a elementor-widget elementor-widget-text-editor\" data-id=\"65153c2a\" data-element_type=\"widget\" data-e-type=\"widget\" data-widget_type=\"text-editor.default\">\n\t\t\t\t<div class=\"elementor-widget-container\">\n\t\t\t\t\t\t\t\t\t\n<p><\/p>\n\n\n\n<p>Varustekauppa on toteutettu yhteisty\u00f6ss\u00e4 Budoland Finlandin kanssa, joka vastaa\ntoimituksista sek\u00e4 mahdollisien reklamaatioiden hoidosta. Kaikissa kysymyksiss\u00e4 otathan yhteytt\u00e4\nBudoland Finlandin <span style=\"color: #ff0000;\"><strong><a href=\"https:\/\/budoland.fi\/pages\/\nota-yhteytta\" target=\"_blank\" title=\"asiakaspalvelu\" rel=\"noopener noreferrer\" style=\"color:\n#ff0000;\">asiakaspalveluun<\/a><\/strong><\/span>.<\/p>\n<p> <\/p>\n<div id='collection-component-1674644226578'><\/div>\n<script type=\"text\/javascript\">\n\/*<![CDATA[*\/\n(function () {\nvar scriptURL = 'https:\/\/sdks.shopifycdn.com\/buy-button\/latest\/buy-button-storefront.min.js';\nif (window.ShopifyBuy) {\nif (window.ShopifyBuy.UI) {\nShopifyBuyInit();\n} else {\nloadScript();\n}\n} else {\nloadScript();\n}\nfunction loadScript() {\nvar script = document.createElement('script');\nscript.async = true;\nscript.src = scriptURL;\n(document.getElementsByTagName('head')[0] || document.getElementsByTagName('body')\n[0]).appendChild(script);\nscript.onload = ShopifyBuyInit;\n}\nfunction ShopifyBuyInit() {\nvar client = ShopifyBuy.buildClient({\ndomain: 'budolandfi.myshopify.com',\nstorefrontAccessToken: '3e04d2eb8bb55ebd1cfcdcd82cdb055c',\n});\nvar attributeKey = \"Varustekauppa\";\nvar attributeValue = window.location.hostname;\nvar shopifyDomain = \"budolandfi.myshopify.com\";\ntry {\nfor (var checkoutId, key, i = 0; i < localStorage.length; ++i) {\nkey = localStorage.key(i);\nif (key.match(shopifyDomain + '.checkoutId')) {\ncheckoutId = localStorage.getItem(key);\n}\n}\nclient.checkout.fetch(checkoutId).then((checkout) => {\nvar obj = {};\nobj.key = attributeKey;\nobj.value = attributeValue;\nvar input = {\ncustomAttributes: [obj]\n};\nclient.checkout.updateAttributes(checkoutId, input).then((checkout) => {});\n});\n}\ncatch (err) {\nconsole.log('checkout not updated');\n}\nShopifyBuy.UI.onReady(client).then(function (ui) {\nui.createComponent('collection', {\nid: '272318726186',\nnode: document.getElementById('collection-component-1674644226578'),\nmoneyFormat: '%7B%7Bamount_with_comma_separator%7D%7D%20%E2%82%AC',\noptions: {\n\"product\": {\n\"styles\": {\n\"product\": {\n\"@media (min-width: 601px)\": {\n\"max-width\": \"calc(25% - 20px)\",\n\"margin-left\": \"20px\",\n\"margin-bottom\": \"50px\",\n\"width\": \"calc(25% - 20px)\"\n},\n\"img\": {\n\"height\": \"calc(100% - 15px)\",\n\"position\": \"absolute\",\n\"left\": \"0\",\n\"right\": \"0\",\n\"top\": \"0\"\n},\n\"imgWrapper\": {\n\"padding-top\": \"calc(75% + 15px)\",\n\"position\": \"relative\",\n\"height\": \"0\"\n}\n},\n\"title\": {\n\"color\": \"#000000\"\n},\n\"button\": {\n\"font-weight\": \"bold\",\n\"font-size\": \"18px\",\n\"padding-top\": \"17px\",\n\"padding-bottom\": \"17px\",\n\":hover\": {\n\"background-color\": \"#393939\"\n},\n\"background-color\": \"#3f3f3f\",\n\":focus\": {\n\"background-color\": \"#393939\"\n},\n\"border-radius\": \"5px\",\n\"padding-left\": \"45px\",\n\"padding-right\": \"45px\"\n},\n\"quantityInput\": {\n\"font-size\": \"18px\",\n\"padding-top\": \"17px\",\n\"padding-bottom\": \"17px\"\n},\n\"price\": {\n\"color\": \"#000000\"\n},\n\"compareAt\": {\n\"color\": \"#000000\"\n},\n\"unitPrice\": {\n\"color\": \"#000000\"\n},\n\"description\": {\n\"color\": \"#000000\"\n}\n},\n\"buttonDestination\": \"modal\",\n\"contents\": {\n\"options\": false\n},\n\"text\": {\n\"button\": \"Tuotetiedot\"\n}\n},\n\"productSet\": {\n\"styles\": {\n\"products\": {\n\"@media (min-width: 601px)\": {\n\"margin-left\": \"-20px\"\n}\n}\n}\n},\n\"modalProduct\": {\n\"contents\": {\n\"img\": false,\n\"imgWithCarousel\": true,\n\"button\": false,\n\"buttonWithQuantity\": true\n},\n\"styles\": {\n\"product\": {\n\"@media (min-width: 601px)\": {\n\"max-width\": \"100%\",\n\"margin-left\": \"0px\",\n\"margin-bottom\": \"0px\"\n}\n},\n\"button\": {\n\"font-weight\": \"bold\",\n\"font-size\": \"18px\",\n\"padding-top\": \"17px\",\n\"padding-bottom\": \"17px\",\n\":hover\": {\n\"background-color\": \"#393939\"\n},\n\"background-color\": \"#3f3f3f\",\n\":focus\": {\n\"background-color\": \"#393939\"\n},\n\"border-radius\": \"5px\",\n\"padding-left\": \"45px\",\n\"padding-right\": \"45px\"\n},\n\"quantityInput\": {\n\"font-size\": \"18px\",\n\"padding-top\": \"17px\",\n\"padding-bottom\": \"17px\"\n},\n\"title\": {\n\"font-family\": \"Helvetica Neue, sans-serif\",\n\"font-weight\": \"bold\",\n\"font-size\": \"26px\",\n\"color\": \"#000000\"\n},\n\"price\": {\n\"font-family\": \"Helvetica Neue, sans-serif\",\n\"font-weight\": \"normal\",\n\"font-size\": \"18px\",\n\"color\": \"#000000\"\n},\n\"compareAt\": {\n\"font-family\": \"Helvetica Neue, sans-serif\",\n\"font-weight\": \"normal\",\n\"font-size\": \"15.299999999999999px\",\n\"color\": \"#000000\"\n},\n\"unitPrice\": {\n\"font-family\": \"Helvetica Neue, sans-serif\",\n\"font-weight\": \"normal\",\n\"font-size\": \"15.299999999999999px\",\n\"color\": \"#000000\"\n},\n\"description\": {\n\"font-family\": \"Helvetica Neue, sans-serif\",\n\"font-weight\": \"normal\",\n\"font-size\": \"14px\",\n\"color\": \"#000000\"\n}\n},\n\"text\": {\n\"button\": \"Ostoskoriin\"\n}\n},\n\"option\": {\n\"styles\": {\n\"label\": {\n\"color\": \"#000000\"\n}\n}\n},\n\"cart\": {\n\"styles\": {\n\"button\": {\n\"font-weight\": \"bold\",\n\"font-size\": \"18px\",\n\"padding-top\": \"17px\",\n\"padding-bottom\": \"17px\",\n\":hover\": {\n\"background-color\": \"#393939\"\n},\n\"background-color\": \"#3f3f3f\",\n\":focus\": {\n\"background-color\": \"#393939\"\n},\n\"border-radius\": \"5px\"\n},\n\"title\": {\n\"color\": \"#000000\"\n},\n\"header\": {\n\"color\": \"#000000\"\n},\n\"lineItems\": {\n\"color\": \"#000000\"\n},\n\"subtotalText\": {\n\"color\": \"#000000\"\n},\n\"subtotal\": {\n\"color\": \"#000000\"\n},\n\"notice\": {\n\"color\": \"#000000\"\n},\n\"currency\": {\n\"color\": \"#000000\"\n},\n\"close\": {\n\"color\": \"#000000\",\n\":hover\": {\n\"color\": \"#000000\"\n}\n},\n\"empty\": {\n\"color\": \"#000000\"\n},\n\"noteDescription\": {\n\"color\": \"#000000\"\n},\n\"discountText\": {\n\"color\": \"#000000\"\n},\n\"discountIcon\": {\n\"fill\": \"#000000\"\n},\n\"discountAmount\": {\n\"color\": \"#000000\"\n}\n},\n\"text\": {\n\"title\": \"Ostoskori\",\n\"total\": \"Summa yhteens\u00e4\",\n\"empty\": \"Ostoskorisi on tyhj\u00e4\",\n\"notice\": \"Toimitus ja alennuskoodit sy\u00f6tet\u00e4\u00e4n kassalla\",\n\"button\": \"Kassalle\"\n}\n},\n\"toggle\": {\n\"styles\": {\n\"toggle\": {\n\"font-weight\": \"bold\",\n\"background-color\": \"#3f3f3f\",\n\":hover\": {\n\"background-color\": \"#393939\"\n},\n\":focus\": {\n\"background-color\": \"#393939\"\n}\n},\n\"count\": {\n\"font-size\": \"18px\"\n}\n}\n},\n\"lineItem\": {\n\"styles\": {\n\"variantTitle\": {\n\"color\": \"#000000\"\n},\n\"title\": {\n\"color\": \"#000000\"\n},\n\"price\": {\n\"color\": \"#000000\"\n},\n\"fullPrice\": {\n\"color\": \"#000000\"\n},\n\"discount\": {\n\"color\": \"#000000\"\n},\n\"discountIcon\": {\n\"fill\": \"#000000\"\n},\n\"quantity\": {\n\"color\": \"#000000\"\n},\n\"quantityIncrement\": {\n\"color\": \"#000000\",\n\"border-color\": \"#000000\"\n},\n\"quantityDecrement\": {\n\"color\": \"#000000\",\n\"border-color\": \"#000000\"\n},\n\"quantityInput\": {\n\"color\": \"#000000\",\n\"border-color\": \"#000000\"\n}\n}\n}\n},\n});\n});\n}\n})();\n\/*]]>*\/\n<\/script>\n<p>Seuraavista linkeist\u00e4 voit tutustua tarkemmin verkkokaupan tietosuojaan sek\u00e4 maksu-,\ntoimitus- ja palveluehtoihin.<\/p>\n<p><a href=\"https:\/\/budoland.fi\/pages\/tietosuoja\" target=\"_blank\" rel=\"noopener noreferrer\"><span style=\"color: #ff0000;\">tietosuoja<\/span><\/a> <a href=\"https:\/\/budoland.fi\/\npages\/maksuehdot\" target=\"_blank\" rel=\"noopener noreferrer\"><span style=\"color:\n#ff0000;\">maksuehdot<\/span><\/a> <span style=\"color: #ff0000;\"><a style=\"color: #ff0000;\" href=\"https:\/\/budoland.fi\/pages\/toimitusehdot\" target=\"_blank\" rel=\"noopener noreferrer\">toimitusehdot<\/a><\/span> <a href=\"https:\/\/budoland.fi\/pages\/palveluehdot\" target=\"_blank\" rel=\"noopener noreferrer\"><span style=\"color: #ff0000;\">palveluehdot<\/span><\/\na><\/p>\n\t\t\t\t\t\t\t\t<\/div>\n\t\t\t\t<\/div>\n\t\t\t\t\t<\/div>\n\t\t<\/div>\n\t\t\t\t\t<\/div>\n\t\t<\/section>\n\t\t\t\t<\/div>\n\t\t","protected":false},"excerpt":{"rendered":"","protected":false},"author":1,"featured_media":0,"parent":0,"menu_order":0,"comment_status":"closed","ping_status":"closed","template":"","meta":{"footnotes":""},"class_list":["post-554","page","type-page","status-publish","hentry"],"yoast_head":"<!-- This site is optimized with the Yoast SEO plugin v27.5 - https:\/\/yoast.com\/product\/yoast-seo-wordpress\/ -->\n<title>Puvut ja vy\u00f6t - Rinkusukan karate Riihim&auml;ki<\/title>\n<meta name=\"robots\" content=\"index, follow, max-snippet:-1, max-image-preview:large, max-video-preview:-1\" \/>\n<link rel=\"canonical\" href=\"https:\/\/www.rinkusukankarate.fi\/index.php\/puvut-ja-vyot\/\" \/>\n<meta property=\"og:locale\" content=\"fi_FI\" \/>\n<meta property=\"og:type\" content=\"article\" \/>\n<meta property=\"og:title\" content=\"Puvut ja vy\u00f6t - Rinkusukan karate Riihim&auml;ki\" \/>\n<meta property=\"og:url\" content=\"https:\/\/www.rinkusukankarate.fi\/index.php\/puvut-ja-vyot\/\" \/>\n<meta property=\"og:site_name\" content=\"Rinkusukan karate Riihim&auml;ki\" \/>\n<meta property=\"article:modified_time\" content=\"2024-08-10T07:35:34+00:00\" \/>\n<meta name=\"twitter:card\" content=\"summary_large_image\" \/>\n<script type=\"application\/ld+json\" class=\"yoast-schema-graph\">{\"@context\":\"https:\\\/\\\/schema.org\",\"@graph\":[{\"@type\":\"WebPage\",\"@id\":\"https:\\\/\\\/www.rinkusukankarate.fi\\\/index.php\\\/puvut-ja-vyot\\\/\",\"url\":\"https:\\\/\\\/www.rinkusukankarate.fi\\\/index.php\\\/puvut-ja-vyot\\\/\",\"name\":\"Puvut ja vy\u00f6t - Rinkusukan karate Riihim&auml;ki\",\"isPartOf\":{\"@id\":\"https:\\\/\\\/www.rinkusukankarate.fi\\\/#website\"},\"datePublished\":\"2023-01-27T13:36:46+00:00\",\"dateModified\":\"2024-08-10T07:35:34+00:00\",\"breadcrumb\":{\"@id\":\"https:\\\/\\\/www.rinkusukankarate.fi\\\/index.php\\\/puvut-ja-vyot\\\/#breadcrumb\"},\"inLanguage\":\"fi\",\"potentialAction\":[{\"@type\":\"ReadAction\",\"target\":[\"https:\\\/\\\/www.rinkusukankarate.fi\\\/index.php\\\/puvut-ja-vyot\\\/\"]}]},{\"@type\":\"BreadcrumbList\",\"@id\":\"https:\\\/\\\/www.rinkusukankarate.fi\\\/index.php\\\/puvut-ja-vyot\\\/#breadcrumb\",\"itemListElement\":[{\"@type\":\"ListItem\",\"position\":1,\"name\":\"Etusivu\",\"item\":\"https:\\\/\\\/www.rinkusukankarate.fi\\\/\"},{\"@type\":\"ListItem\",\"position\":2,\"name\":\"Puvut ja vy\u00f6t\"}]},{\"@type\":\"WebSite\",\"@id\":\"https:\\\/\\\/www.rinkusukankarate.fi\\\/#website\",\"url\":\"https:\\\/\\\/www.rinkusukankarate.fi\\\/\",\"name\":\"Rinkusukan karate Riihim&auml;ki\",\"description\":\"Tervetuloa kaikki nuoret ja aikuiset!\",\"publisher\":{\"@id\":\"https:\\\/\\\/www.rinkusukankarate.fi\\\/#organization\"},\"potentialAction\":[{\"@type\":\"SearchAction\",\"target\":{\"@type\":\"EntryPoint\",\"urlTemplate\":\"https:\\\/\\\/www.rinkusukankarate.fi\\\/?s={search_term_string}\"},\"query-input\":{\"@type\":\"PropertyValueSpecification\",\"valueRequired\":true,\"valueName\":\"search_term_string\"}}],\"inLanguage\":\"fi\"},{\"@type\":\"Organization\",\"@id\":\"https:\\\/\\\/www.rinkusukankarate.fi\\\/#organization\",\"name\":\"Rinkusukan karate Riihim&auml;ki\",\"url\":\"https:\\\/\\\/www.rinkusukankarate.fi\\\/\",\"logo\":{\"@type\":\"ImageObject\",\"inLanguage\":\"fi\",\"@id\":\"https:\\\/\\\/www.rinkusukankarate.fi\\\/#\\\/schema\\\/logo\\\/image\\\/\",\"url\":\"https:\\\/\\\/www.rinkusukankarate.fi\\\/wp-content\\\/uploads\\\/2022\\\/12\\\/Rinkusukan-logo-scaled.jpg\",\"contentUrl\":\"https:\\\/\\\/www.rinkusukankarate.fi\\\/wp-content\\\/uploads\\\/2022\\\/12\\\/Rinkusukan-logo-scaled.jpg\",\"width\":2560,\"height\":939,\"caption\":\"Rinkusukan karate Riihim&auml;ki\"},\"image\":{\"@id\":\"https:\\\/\\\/www.rinkusukankarate.fi\\\/#\\\/schema\\\/logo\\\/image\\\/\"}}]}<\/script>\n<!-- \/ Yoast SEO plugin. -->","yoast_head_json":{"title":"Puvut ja vy\u00f6t - Rinkusukan karate Riihim&auml;ki","robots":{"index":"index","follow":"follow","max-snippet":"max-snippet:-1","max-image-preview":"max-image-preview:large","max-video-preview":"max-video-preview:-1"},"canonical":"https:\/\/www.rinkusukankarate.fi\/index.php\/puvut-ja-vyot\/","og_locale":"fi_FI","og_type":"article","og_title":"Puvut ja vy\u00f6t - Rinkusukan karate Riihim&auml;ki","og_url":"https:\/\/www.rinkusukankarate.fi\/index.php\/puvut-ja-vyot\/","og_site_name":"Rinkusukan karate Riihim&auml;ki","article_modified_time":"2024-08-10T07:35:34+00:00","twitter_card":"summary_large_image","schema":{"@context":"https:\/\/schema.org","@graph":[{"@type":"WebPage","@id":"https:\/\/www.rinkusukankarate.fi\/index.php\/puvut-ja-vyot\/","url":"https:\/\/www.rinkusukankarate.fi\/index.php\/puvut-ja-vyot\/","name":"Puvut ja vy\u00f6t - Rinkusukan karate Riihim&auml;ki","isPartOf":{"@id":"https:\/\/www.rinkusukankarate.fi\/#website"},"datePublished":"2023-01-27T13:36:46+00:00","dateModified":"2024-08-10T07:35:34+00:00","breadcrumb":{"@id":"https:\/\/www.rinkusukankarate.fi\/index.php\/puvut-ja-vyot\/#breadcrumb"},"inLanguage":"fi","potentialAction":[{"@type":"ReadAction","target":["https:\/\/www.rinkusukankarate.fi\/index.php\/puvut-ja-vyot\/"]}]},{"@type":"BreadcrumbList","@id":"https:\/\/www.rinkusukankarate.fi\/index.php\/puvut-ja-vyot\/#breadcrumb","itemListElement":[{"@type":"ListItem","position":1,"name":"Etusivu","item":"https:\/\/www.rinkusukankarate.fi\/"},{"@type":"ListItem","position":2,"name":"Puvut ja vy\u00f6t"}]},{"@type":"WebSite","@id":"https:\/\/www.rinkusukankarate.fi\/#website","url":"https:\/\/www.rinkusukankarate.fi\/","name":"Rinkusukan karate Riihim&auml;ki","description":"Tervetuloa kaikki nuoret ja aikuiset!","publisher":{"@id":"https:\/\/www.rinkusukankarate.fi\/#organization"},"potentialAction":[{"@type":"SearchAction","target":{"@type":"EntryPoint","urlTemplate":"https:\/\/www.rinkusukankarate.fi\/?s={search_term_string}"},"query-input":{"@type":"PropertyValueSpecification","valueRequired":true,"valueName":"search_term_string"}}],"inLanguage":"fi"},{"@type":"Organization","@id":"https:\/\/www.rinkusukankarate.fi\/#organization","name":"Rinkusukan karate Riihim&auml;ki","url":"https:\/\/www.rinkusukankarate.fi\/","logo":{"@type":"ImageObject","inLanguage":"fi","@id":"https:\/\/www.rinkusukankarate.fi\/#\/schema\/logo\/image\/","url":"https:\/\/www.rinkusukankarate.fi\/wp-content\/uploads\/2022\/12\/Rinkusukan-logo-scaled.jpg","contentUrl":"https:\/\/www.rinkusukankarate.fi\/wp-content\/uploads\/2022\/12\/Rinkusukan-logo-scaled.jpg","width":2560,"height":939,"caption":"Rinkusukan karate Riihim&auml;ki"},"image":{"@id":"https:\/\/www.rinkusukankarate.fi\/#\/schema\/logo\/image\/"}}]}},"_links":{"self":[{"href":"https:\/\/www.rinkusukankarate.fi\/index.php\/wp-json\/wp\/v2\/pages\/554","targetHints":{"allow":["GET"]}}],"collection":[{"href":"https:\/\/www.rinkusukankarate.fi\/index.php\/wp-json\/wp\/v2\/pages"}],"about":[{"href":"https:\/\/www.rinkusukankarate.fi\/index.php\/wp-json\/wp\/v2\/types\/page"}],"author":[{"embeddable":true,"href":"https:\/\/www.rinkusukankarate.fi\/index.php\/wp-json\/wp\/v2\/users\/1"}],"replies":[{"embeddable":true,"href":"https:\/\/www.rinkusukankarate.fi\/index.php\/wp-json\/wp\/v2\/comments?post=554"}],"version-history":[{"count":7,"href":"https:\/\/www.rinkusukankarate.fi\/index.php\/wp-json\/wp\/v2\/pages\/554\/revisions"}],"predecessor-version":[{"id":980,"href":"https:\/\/www.rinkusukankarate.fi\/index.php\/wp-json\/wp\/v2\/pages\/554\/revisions\/980"}],"wp:attachment":[{"href":"https:\/\/www.rinkusukankarate.fi\/index.php\/wp-json\/wp\/v2\/media?parent=554"}],"curies":[{"name":"wp","href":"https:\/\/api.w.org\/{rel}","templated":true}]}}